{"id":25104,"date":"2019-05-16T16:16:38","date_gmt":"2019-05-16T14:16:38","guid":{"rendered":"https:\/\/www.carmelitaniscalzi.com\/fr\/?page_id=25104"},"modified":"2020-09-15T00:27:12","modified_gmt":"2020-09-14T22:27:12","slug":"dons","status":"publish","type":"page","link":"https:\/\/www.carmelitaniscalzi.com\/fr\/dons\/","title":{"rendered":"Dons"},"content":{"rendered":"<p><img loading=\"lazy\" decoding=\"async\" class=\"alignnone wp-image-25678 size-full\" src=\"https:\/\/www.carmelitaniscalzi.com\/wp-content\/uploads\/2019\/05\/Missione_FR.jpg\" width=\"1903\" height=\"550\" srcset=\"https:\/\/www.carmelitaniscalzi.com\/wp-content\/uploads\/2019\/05\/Missione_FR.jpg 1903w, https:\/\/www.carmelitaniscalzi.com\/wp-content\/uploads\/2019\/05\/Missione_FR-300x87.jpg 300w, https:\/\/www.carmelitaniscalzi.com\/wp-content\/uploads\/2019\/05\/Missione_FR-768x222.jpg 768w, https:\/\/www.carmelitaniscalzi.com\/wp-content\/uploads\/2019\/05\/Missione_FR-1024x296.jpg 1024w, https:\/\/www.carmelitaniscalzi.com\/wp-content\/uploads\/2019\/05\/Missione_FR-190x55.jpg 190w, https:\/\/www.carmelitaniscalzi.com\/wp-content\/uploads\/2019\/05\/Missione_FR-1600x462.jpg 1600w, https:\/\/www.carmelitaniscalzi.com\/wp-content\/uploads\/2019\/05\/Missione_FR-800x231.jpg 800w, https:\/\/www.carmelitaniscalzi.com\/wp-content\/uploads\/2019\/05\/Missione_FR-580x168.jpg 580w\" sizes=\"auto, (max-width: 1903px) 100vw, 1903px\" \/><\/p>\n<p>L&rsquo;Ordre des Carmes D\u00e9chaux (OCD) est une famille religieuse contemplative. Sa mission est une combinaison de contemplation et d&rsquo;action (pri\u00e8re et service). Ce m\u00e9lange est diversement exprim\u00e9 par les trois branches de l\u2019Ordre des Carmes D\u00e9chaux. Tandis que l&rsquo;apostolat est purement contemplatif pour les moniales Carm\u00e9lites D\u00e9chauss\u00e9es, les fr\u00e8res Carmes D\u00e9chaux et les membres du Carmel S\u00e9culier (OCDS) quant \u00e0 eux, participent de diverses mani\u00e8res, au travail apostolique de l&rsquo;\u00c9glise. Un Carme\/Carm\u00e9lite est un homme\/femme qui prie et s&rsquo;engage pour la transformation du monde.<\/p>\n<p>Plusieurs fr\u00e8res et s\u0153urs Carmes D\u00e9chaux sont activement engag\u00e9s \u00e0 servir le peuple de Dieu dans des paroisses et nombreuses autres institutions de l&rsquo;\u00c9glise, \u00e9loign\u00e9s de leur pays d&rsquo;origine, parfois dans des conditions tr\u00e8s difficiles.<\/p>\n<p>Le Secr\u00e9tariat pour la Coop\u00e9ration Missionnaire de l&rsquo;Ordre a pour objectif de les aider dans leur vie quotidienne et dans leurs projets socio-\u00e9conomiques concrets visant \u00e0 am\u00e9liorer et \u00e0 consolider les conditions de vie des personnes qu&rsquo;ils servent dans leurs missions.<\/p>\n<p>Des nombreuses personnes de bonne volont\u00e9 nous ont permis d&rsquo;assister et de soutenir divers projets en faveur de personnes moins fortun\u00e9es mat\u00e9riellement que nous: en Europe de l&rsquo;est, en Asie, en Am\u00e9rique centrale et du Sud, et en Afrique. Nous appr\u00e9cions grandement votre soutien et nous disons merci beaucoup. Nous vous portons toujours dans nos pri\u00e8res. Que Notre Dame du Mont Carmel vous b\u00e9nisse et vous r\u00e9compense pour votre g\u00e9n\u00e9rosit\u00e9!<\/p>\n<h2><span style=\"color: #993366;\">FAIRE UN DON <\/span><\/h2>\n<p>La g\u00e9n\u00e9rosit\u00e9 des personnes de bonne volont\u00e9 comme vous\u00a0 a un impact consid\u00e9rable sur la vie des millions d&rsquo;\u00eatres humains. Nous crayons en la providence par votre g\u00e9n\u00e9rosit\u00e9. Vos contributions ou dons peuvent \u00eatre envoy\u00e9 au compte suivant:<\/p>\n<table id=\"iban\" width=\"100%\">\n<tbody>\n<tr>\n<td id=\"iban_row_0col_0\" colspan=\"1\">IBAN<\/td>\n<td id=\"iban_row_0col_1\" colspan=\"1\"><strong>IT07P0569603237000009000X37<\/strong><\/td>\n<\/tr>\n<tr>\n<td id=\"iban_row_1col_0\" colspan=\"1\">BIC\/SWIFT CODE<\/td>\n<td id=\"iban_row_1col_1\" colspan=\"1\"><strong>POSOIT22XXX<\/strong><\/td>\n<\/tr>\n<tr>\n<td id=\"iban_row_2col_0\" colspan=\"1\">BANQUE<\/td>\n<td id=\"iban_row_2col_1\" colspan=\"1\"><strong>Banca Popolare di Sondrio<\/strong><\/td>\n<\/tr>\n<tr>\n<td id=\"iban_row_3col_0\" colspan=\"1\">BENEFICIAIRE<\/td>\n<td id=\"iban_row_3col_1\" colspan=\"1\"><strong>MISSIONI CASA GENERALIZIA PADRI CARMELITANI SCALZI<\/strong><\/td>\n<\/tr>\n<\/tbody>\n<\/table>\n<hr \/>\n<p style=\"margin: 0cm 0cm 0.0001pt; background: white; text-align: center;\">Ou\u00a0<span style=\"color: #ff0000;\">cliquez sur le lien ci-dessous pour contribuer<\/span>.<\/p>\n<div style=\"text-align: center;\">\n<form action=\"https:\/\/www.paypal.com\/cgi-bin\/webscr\" method=\"post\" target=\"_top\"><input name=\"cmd\" type=\"hidden\" value=\"_s-xclick\" \/><br \/>\n<input name=\"hosted_button_id\" type=\"hidden\" value=\"Y6X29M9X99L84\" \/><br \/>\n<input title=\"PayPal - The safer, easier way to pay online!\" alt=\"Donate with PayPal button\" name=\"submit\" src=\"https:\/\/www.paypalobjects.com\/en_US\/IT\/i\/btn\/btn_donateCC_LG.gif\" type=\"image\" \/><br \/>\n<img loading=\"lazy\" decoding=\"async\" src=\"https:\/\/www.paypal.com\/en_IT\/i\/scr\/pixel.gif\" alt=\"\" width=\"1\" height=\"1\" border=\"0\" \/><\/form>\n<\/div>\n<hr \/>\n<p><a href=\"https:\/\/www.carmelitaniscalzi.com\/wp-content\/uploads\/2020\/09\/paypal_FR.png\"><img loading=\"lazy\" decoding=\"async\" class=\"alignnone size-full wp-image-42462\" src=\"https:\/\/www.carmelitaniscalzi.com\/wp-content\/uploads\/2020\/09\/paypal_FR.png\" alt=\"\" width=\"3776\" height=\"558\" srcset=\"https:\/\/www.carmelitaniscalzi.com\/wp-content\/uploads\/2020\/09\/paypal_FR.png 3776w, https:\/\/www.carmelitaniscalzi.com\/wp-content\/uploads\/2020\/09\/paypal_FR-300x44.png 300w, https:\/\/www.carmelitaniscalzi.com\/wp-content\/uploads\/2020\/09\/paypal_FR-1024x151.png 1024w, https:\/\/www.carmelitaniscalzi.com\/wp-content\/uploads\/2020\/09\/paypal_FR-768x113.png 768w, https:\/\/www.carmelitaniscalzi.com\/wp-content\/uploads\/2020\/09\/paypal_FR-1536x227.png 1536w, https:\/\/www.carmelitaniscalzi.com\/wp-content\/uploads\/2020\/09\/paypal_FR-2048x303.png 2048w, https:\/\/www.carmelitaniscalzi.com\/wp-content\/uploads\/2020\/09\/paypal_FR-372x55.png 372w, https:\/\/www.carmelitaniscalzi.com\/wp-content\/uploads\/2020\/09\/paypal_FR-1600x236.png 1600w, https:\/\/www.carmelitaniscalzi.com\/wp-content\/uploads\/2020\/09\/paypal_FR-800x118.png 800w, https:\/\/www.carmelitaniscalzi.com\/wp-content\/uploads\/2020\/09\/paypal_FR-580x86.png 580w\" sizes=\"auto, (max-width: 3776px) 100vw, 3776px\" \/><\/a><\/p>\n<p>Si vous avez des questions ou besoin de plus d&rsquo;information, n&rsquo;h\u00e9sitez pas \u00e0 contacter le Secr\u00e9tariat pour la Coop\u00e9ration Missionnaire\u00a0 de l&rsquo;Ordre \u00e0 l&rsquo;adresse suivante:<\/p>\n<p><strong>CASA GENERALIZIA CARMELITANI SCALZI<\/strong><\/p>\n<p><strong>Segretariato per la Cooperazione Missionaria\u00a0\u00a0\u00a0\u00a0\u00a0\u00a0\u00a0\u00a0\u00a0\u00a0\u00a0\u00a0\u00a0 <\/strong><\/p>\n<p>Corso d\u2019Italia 38<\/p>\n<p>00198 Roma<\/p>\n<p><em>Tel.: + 39 06 85442313<\/em><\/p>\n<p>E-mail: <a href=\"mailto:ocdmis@gmail.com\">ocdmis@gmail.com<\/a><\/p>\n<hr \/>\n<h3><span style=\"color: #99ccff;\"><em><strong>1.\u00a0Pour les projets de d\u00e9veloppement <\/strong><\/em><\/span><\/h3>\n<p>Avec les missions OCD, vous pouvez agir concr\u00e8tement en soutenant leurs projets sociaux. Faire un don en faveur des projets de d\u00e9veloppement social par des missionnaires Carmes, c&rsquo;est contribuer \u00e0 am\u00e9liorer les conditions de vie des communaut\u00e9s locales pauvres et vuln\u00e9rables. Les missionnaires Carmes \u00a0mettent en place des strat\u00e9gies et s&rsquo;engagent dans des actions qui transforment les communaut\u00e9s locales en soutenant des projets de d\u00e9veloppement structur\u00e9s de mani\u00e8re collaborative et ex\u00e9cut\u00e9s par les communaut\u00e9s locales elles-m\u00eames . Les besoins sont \u00e9normes, nous sollicitons votre soutien.<\/p>\n<h3><span style=\"color: #99ccff;\"><strong><em>2. Pour les Missionnaires OCD <\/em><\/strong><\/span><\/h3>\n<p>La vie de missionnaire est trop exigeante, tr\u00e8s difficile et implique des sacrifices. Les missionnaires travaillent sans rel\u00e2che et parfois sans toit, sans moyen de transport, sans nourriture\u2026 Ils ont besoin de soutien pour leur permettre de vivre et d&rsquo;accomplir \u00a0leur mission.<\/p>\n<h3><span style=\"color: #99ccff;\"><strong><em>3.\u00a0Pour les saintes messes <\/em><\/strong><\/span><\/h3>\n<p>Les intentions des messes, c&rsquo;est un moyen d&rsquo;\u00eatre en communion et de soutenir les communaut\u00e9s des missionnaires Carmes au service d&rsquo;innombrable chr\u00e9tiens dans les missions. En fait, ils sont nombreux \u00e0 travers le monde, les missionnaires Carmes qui c\u00e9l\u00e8brent chaque jour des saintes messes dans des circonstances vari\u00e9es. Ils ont besoin de votre soutien.<\/p>\n<p>Nous savons tr\u00e8s bien que tout soutien financier est une offrande du c\u0153ur qui offre. Nous vous remercions grandement pour vos pri\u00e8res et vos soutiens. Nous vous portons dans nos pri\u00e8res.<\/p>\n<p style=\"text-align: center;\">Le Secr\u00e9tariat pour la Coop\u00e9ration missionnaire<\/p>\n","protected":false},"excerpt":{"rendered":"<p>L&rsquo;Ordre des Carmes D\u00e9chaux (OCD) est une famille religieuse contemplative. Sa mission est une combinaison de contemplation et d&rsquo;action (pri\u00e8re et service). Ce m\u00e9lange est diversement exprim\u00e9 par les trois branches de l\u2019Ordre des Carmes D\u00e9chaux. Tandis que l&rsquo;apostolat est purement contemplatif pour les moniales Carm\u00e9lites D\u00e9chauss\u00e9es, les fr\u00e8res Carmes D\u00e9chaux et les membres du [&hellip;]<\/p>\n","protected":false},"author":7,"featured_media":0,"parent":0,"menu_order":0,"comment_status":"closed","ping_status":"closed","template":"fullwidth.php","meta":{"_acf_changed":false,"_mc_calendar":[],"footnotes":""},"class_list":["post-25104","page","type-page","status-publish","hentry"],"acf":[],"yoast_head":"<!-- This site is optimized with the Yoast SEO plugin v26.3 - https:\/\/yoast.com\/wordpress\/plugins\/seo\/ -->\n<title>Dons - CARMES D\u00c9CHAUX<\/title>\n<meta name=\"robots\" content=\"index, follow, max-snippet:-1, max-image-preview:large, max-video-preview:-1\" \/>\n<link rel=\"canonical\" href=\"https:\/\/www.carmelitaniscalzi.com\/fr\/dons\/\" \/>\n<meta property=\"og:locale\" content=\"fr_FR\" \/>\n<meta property=\"og:type\" content=\"article\" \/>\n<meta property=\"og:title\" content=\"Dons - CARMES D\u00c9CHAUX\" \/>\n<meta property=\"og:description\" content=\"L&rsquo;Ordre des Carmes D\u00e9chaux (OCD) est une famille religieuse contemplative. Sa mission est une combinaison de contemplation et d&rsquo;action (pri\u00e8re et service). Ce m\u00e9lange est diversement exprim\u00e9 par les trois branches de l\u2019Ordre des Carmes D\u00e9chaux. Tandis que l&rsquo;apostolat est purement contemplatif pour les moniales Carm\u00e9lites D\u00e9chauss\u00e9es, les fr\u00e8res Carmes D\u00e9chaux et les membres du [&hellip;]\" \/>\n<meta property=\"og:url\" content=\"https:\/\/www.carmelitaniscalzi.com\/fr\/dons\/\" \/>\n<meta property=\"og:site_name\" content=\"CARMES D\u00c9CHAUX\" \/>\n<meta property=\"article:publisher\" content=\"https:\/\/www.facebook.com\/Curia-Generalizia-Carmelitani-Scalzi-658766940887784\/\" \/>\n<meta property=\"article:modified_time\" content=\"2020-09-14T22:27:12+00:00\" \/>\n<meta property=\"og:image\" content=\"https:\/\/www.carmelitaniscalzi.com\/wp-content\/uploads\/2019\/05\/Missione_FR.jpg\" \/>\n\t<meta property=\"og:image:width\" content=\"1903\" \/>\n\t<meta property=\"og:image:height\" content=\"550\" \/>\n\t<meta property=\"og:image:type\" content=\"image\/jpeg\" \/>\n<meta name=\"twitter:card\" content=\"summary_large_image\" \/>\n<meta name=\"twitter:site\" content=\"@ocdcuria\" \/>\n<meta name=\"twitter:label1\" content=\"Dur\u00e9e de lecture estim\u00e9e\" \/>\n\t<meta name=\"twitter:data1\" content=\"3 minutes\" \/>\n<script type=\"application\/ld+json\" class=\"yoast-schema-graph\">{\"@context\":\"https:\/\/schema.org\",\"@graph\":[{\"@type\":\"WebPage\",\"@id\":\"https:\/\/www.carmelitaniscalzi.com\/fr\/dons\/\",\"url\":\"https:\/\/www.carmelitaniscalzi.com\/fr\/dons\/\",\"name\":\"Dons - CARMES D\u00c9CHAUX\",\"isPartOf\":{\"@id\":\"https:\/\/www.carmelitaniscalzi.com\/#website\"},\"primaryImageOfPage\":{\"@id\":\"https:\/\/www.carmelitaniscalzi.com\/fr\/dons\/#primaryimage\"},\"image\":{\"@id\":\"https:\/\/www.carmelitaniscalzi.com\/fr\/dons\/#primaryimage\"},\"thumbnailUrl\":\"https:\/\/www.carmelitaniscalzi.com\/wp-content\/uploads\/2019\/05\/Missione_FR.jpg\",\"datePublished\":\"2019-05-16T14:16:38+00:00\",\"dateModified\":\"2020-09-14T22:27:12+00:00\",\"breadcrumb\":{\"@id\":\"https:\/\/www.carmelitaniscalzi.com\/fr\/dons\/#breadcrumb\"},\"inLanguage\":\"fr-FR\",\"potentialAction\":[{\"@type\":\"ReadAction\",\"target\":[\"https:\/\/www.carmelitaniscalzi.com\/fr\/dons\/\"]}]},{\"@type\":\"ImageObject\",\"inLanguage\":\"fr-FR\",\"@id\":\"https:\/\/www.carmelitaniscalzi.com\/fr\/dons\/#primaryimage\",\"url\":\"https:\/\/www.carmelitaniscalzi.com\/wp-content\/uploads\/2019\/05\/Missione_FR.jpg\",\"contentUrl\":\"https:\/\/www.carmelitaniscalzi.com\/wp-content\/uploads\/2019\/05\/Missione_FR.jpg\"},{\"@type\":\"BreadcrumbList\",\"@id\":\"https:\/\/www.carmelitaniscalzi.com\/fr\/dons\/#breadcrumb\",\"itemListElement\":[{\"@type\":\"ListItem\",\"position\":1,\"name\":\"Home\",\"item\":\"https:\/\/www.carmelitaniscalzi.com\/fr\/\"},{\"@type\":\"ListItem\",\"position\":2,\"name\":\"Dons\"}]},{\"@type\":\"WebSite\",\"@id\":\"https:\/\/www.carmelitaniscalzi.com\/#website\",\"url\":\"https:\/\/www.carmelitaniscalzi.com\/\",\"name\":\"CARMELITANI SCALZI - Curia Generale del Carmelo Teresiano\",\"description\":\"Curie G\u00e9n\u00e9ralice du Carmel D\u00e9chauss\u00e9\",\"publisher\":{\"@id\":\"https:\/\/www.carmelitaniscalzi.com\/#organization\"},\"alternateName\":\"CARMELITANI SCALZI\",\"potentialAction\":[{\"@type\":\"SearchAction\",\"target\":{\"@type\":\"EntryPoint\",\"urlTemplate\":\"https:\/\/www.carmelitaniscalzi.com\/?s={search_term_string}\"},\"query-input\":{\"@type\":\"PropertyValueSpecification\",\"valueRequired\":true,\"valueName\":\"search_term_string\"}}],\"inLanguage\":\"fr-FR\"},{\"@type\":\"Organization\",\"@id\":\"https:\/\/www.carmelitaniscalzi.com\/#organization\",\"name\":\"CARMELITANI SCALZI - Curia Generale del Carmelo Teresiano\",\"url\":\"https:\/\/www.carmelitaniscalzi.com\/\",\"logo\":{\"@type\":\"ImageObject\",\"inLanguage\":\"fr-FR\",\"@id\":\"https:\/\/www.carmelitaniscalzi.com\/#\/schema\/logo\/image\/\",\"url\":\"https:\/\/www.carmelitaniscalzi.com\/wp-content\/uploads\/2025\/11\/login-logo.png\",\"contentUrl\":\"https:\/\/www.carmelitaniscalzi.com\/wp-content\/uploads\/2025\/11\/login-logo.png\",\"width\":256,\"height\":256,\"caption\":\"CARMELITANI SCALZI - Curia Generale del Carmelo Teresiano\"},\"image\":{\"@id\":\"https:\/\/www.carmelitaniscalzi.com\/#\/schema\/logo\/image\/\"},\"sameAs\":[\"https:\/\/www.facebook.com\/Curia-Generalizia-Carmelitani-Scalzi-658766940887784\/\",\"https:\/\/x.com\/ocdcuria\",\"https:\/\/www.youtube.com\/channel\/UC2J5ZL0ycOY0qBSTCLX_NGQ\/videos\",\"https:\/\/www.instagram.com\/ocdinform\/\"]}]}<\/script>\n<!-- \/ Yoast SEO plugin. -->","yoast_head_json":{"title":"Dons - CARMES D\u00c9CHAUX","robots":{"index":"index","follow":"follow","max-snippet":"max-snippet:-1","max-image-preview":"max-image-preview:large","max-video-preview":"max-video-preview:-1"},"canonical":"https:\/\/www.carmelitaniscalzi.com\/fr\/dons\/","og_locale":"fr_FR","og_type":"article","og_title":"Dons - CARMES D\u00c9CHAUX","og_description":"L&rsquo;Ordre des Carmes D\u00e9chaux (OCD) est une famille religieuse contemplative. Sa mission est une combinaison de contemplation et d&rsquo;action (pri\u00e8re et service). Ce m\u00e9lange est diversement exprim\u00e9 par les trois branches de l\u2019Ordre des Carmes D\u00e9chaux. Tandis que l&rsquo;apostolat est purement contemplatif pour les moniales Carm\u00e9lites D\u00e9chauss\u00e9es, les fr\u00e8res Carmes D\u00e9chaux et les membres du [&hellip;]","og_url":"https:\/\/www.carmelitaniscalzi.com\/fr\/dons\/","og_site_name":"CARMES D\u00c9CHAUX","article_publisher":"https:\/\/www.facebook.com\/Curia-Generalizia-Carmelitani-Scalzi-658766940887784\/","article_modified_time":"2020-09-14T22:27:12+00:00","og_image":[{"width":1903,"height":550,"url":"https:\/\/www.carmelitaniscalzi.com\/wp-content\/uploads\/2019\/05\/Missione_FR.jpg","type":"image\/jpeg"}],"twitter_card":"summary_large_image","twitter_site":"@ocdcuria","twitter_misc":{"Dur\u00e9e de lecture estim\u00e9e":"3 minutes"},"schema":{"@context":"https:\/\/schema.org","@graph":[{"@type":"WebPage","@id":"https:\/\/www.carmelitaniscalzi.com\/fr\/dons\/","url":"https:\/\/www.carmelitaniscalzi.com\/fr\/dons\/","name":"Dons - CARMES D\u00c9CHAUX","isPartOf":{"@id":"https:\/\/www.carmelitaniscalzi.com\/#website"},"primaryImageOfPage":{"@id":"https:\/\/www.carmelitaniscalzi.com\/fr\/dons\/#primaryimage"},"image":{"@id":"https:\/\/www.carmelitaniscalzi.com\/fr\/dons\/#primaryimage"},"thumbnailUrl":"https:\/\/www.carmelitaniscalzi.com\/wp-content\/uploads\/2019\/05\/Missione_FR.jpg","datePublished":"2019-05-16T14:16:38+00:00","dateModified":"2020-09-14T22:27:12+00:00","breadcrumb":{"@id":"https:\/\/www.carmelitaniscalzi.com\/fr\/dons\/#breadcrumb"},"inLanguage":"fr-FR","potentialAction":[{"@type":"ReadAction","target":["https:\/\/www.carmelitaniscalzi.com\/fr\/dons\/"]}]},{"@type":"ImageObject","inLanguage":"fr-FR","@id":"https:\/\/www.carmelitaniscalzi.com\/fr\/dons\/#primaryimage","url":"https:\/\/www.carmelitaniscalzi.com\/wp-content\/uploads\/2019\/05\/Missione_FR.jpg","contentUrl":"https:\/\/www.carmelitaniscalzi.com\/wp-content\/uploads\/2019\/05\/Missione_FR.jpg"},{"@type":"BreadcrumbList","@id":"https:\/\/www.carmelitaniscalzi.com\/fr\/dons\/#breadcrumb","itemListElement":[{"@type":"ListItem","position":1,"name":"Home","item":"https:\/\/www.carmelitaniscalzi.com\/fr\/"},{"@type":"ListItem","position":2,"name":"Dons"}]},{"@type":"WebSite","@id":"https:\/\/www.carmelitaniscalzi.com\/#website","url":"https:\/\/www.carmelitaniscalzi.com\/","name":"CARMELITANI SCALZI - Curia Generale del Carmelo Teresiano","description":"Curie G\u00e9n\u00e9ralice du Carmel D\u00e9chauss\u00e9","publisher":{"@id":"https:\/\/www.carmelitaniscalzi.com\/#organization"},"alternateName":"CARMELITANI SCALZI","potentialAction":[{"@type":"SearchAction","target":{"@type":"EntryPoint","urlTemplate":"https:\/\/www.carmelitaniscalzi.com\/?s={search_term_string}"},"query-input":{"@type":"PropertyValueSpecification","valueRequired":true,"valueName":"search_term_string"}}],"inLanguage":"fr-FR"},{"@type":"Organization","@id":"https:\/\/www.carmelitaniscalzi.com\/#organization","name":"CARMELITANI SCALZI - Curia Generale del Carmelo Teresiano","url":"https:\/\/www.carmelitaniscalzi.com\/","logo":{"@type":"ImageObject","inLanguage":"fr-FR","@id":"https:\/\/www.carmelitaniscalzi.com\/#\/schema\/logo\/image\/","url":"https:\/\/www.carmelitaniscalzi.com\/wp-content\/uploads\/2025\/11\/login-logo.png","contentUrl":"https:\/\/www.carmelitaniscalzi.com\/wp-content\/uploads\/2025\/11\/login-logo.png","width":256,"height":256,"caption":"CARMELITANI SCALZI - Curia Generale del Carmelo Teresiano"},"image":{"@id":"https:\/\/www.carmelitaniscalzi.com\/#\/schema\/logo\/image\/"},"sameAs":["https:\/\/www.facebook.com\/Curia-Generalizia-Carmelitani-Scalzi-658766940887784\/","https:\/\/x.com\/ocdcuria","https:\/\/www.youtube.com\/channel\/UC2J5ZL0ycOY0qBSTCLX_NGQ\/videos","https:\/\/www.instagram.com\/ocdinform\/"]}]}},"_links":{"self":[{"href":"https:\/\/www.carmelitaniscalzi.com\/fr\/wp-json\/wp\/v2\/pages\/25104","targetHints":{"allow":["GET"]}}],"collection":[{"href":"https:\/\/www.carmelitaniscalzi.com\/fr\/wp-json\/wp\/v2\/pages"}],"about":[{"href":"https:\/\/www.carmelitaniscalzi.com\/fr\/wp-json\/wp\/v2\/types\/page"}],"author":[{"embeddable":true,"href":"https:\/\/www.carmelitaniscalzi.com\/fr\/wp-json\/wp\/v2\/users\/7"}],"replies":[{"embeddable":true,"href":"https:\/\/www.carmelitaniscalzi.com\/fr\/wp-json\/wp\/v2\/comments?post=25104"}],"version-history":[{"count":0,"href":"https:\/\/www.carmelitaniscalzi.com\/fr\/wp-json\/wp\/v2\/pages\/25104\/revisions"}],"wp:attachment":[{"href":"https:\/\/www.carmelitaniscalzi.com\/fr\/wp-json\/wp\/v2\/media?parent=25104"}],"curies":[{"name":"wp","href":"https:\/\/api.w.org\/{rel}","templated":true}]}}