{"id":25100,"date":"2019-05-16T16:06:26","date_gmt":"2019-05-16T14:06:26","guid":{"rendered":"https:\/\/www.carmelitaniscalzi.com\/es\/?page_id=25100"},"modified":"2020-09-14T00:13:47","modified_gmt":"2020-09-13T22:13:47","slug":"donaciones","status":"publish","type":"page","link":"https:\/\/www.carmelitaniscalzi.com\/es\/donaciones\/","title":{"rendered":"Donaciones"},"content":{"rendered":"<p><img loading=\"lazy\" decoding=\"async\" class=\"alignnone wp-image-25677 size-full\" src=\"https:\/\/www.carmelitaniscalzi.com\/wp-content\/uploads\/2019\/05\/Missione_ES.jpg\" width=\"1903\" height=\"550\" srcset=\"https:\/\/www.carmelitaniscalzi.com\/wp-content\/uploads\/2019\/05\/Missione_ES.jpg 1903w, https:\/\/www.carmelitaniscalzi.com\/wp-content\/uploads\/2019\/05\/Missione_ES-300x87.jpg 300w, https:\/\/www.carmelitaniscalzi.com\/wp-content\/uploads\/2019\/05\/Missione_ES-768x222.jpg 768w, https:\/\/www.carmelitaniscalzi.com\/wp-content\/uploads\/2019\/05\/Missione_ES-1024x296.jpg 1024w, https:\/\/www.carmelitaniscalzi.com\/wp-content\/uploads\/2019\/05\/Missione_ES-190x55.jpg 190w, https:\/\/www.carmelitaniscalzi.com\/wp-content\/uploads\/2019\/05\/Missione_ES-1600x462.jpg 1600w, https:\/\/www.carmelitaniscalzi.com\/wp-content\/uploads\/2019\/05\/Missione_ES-800x231.jpg 800w, https:\/\/www.carmelitaniscalzi.com\/wp-content\/uploads\/2019\/05\/Missione_ES-580x168.jpg 580w\" sizes=\"auto, (max-width: 1903px) 100vw, 1903px\" \/><\/p>\n<p>La Orden de los Carmelitas Descalzos (OCD) es una familia religiosa contemplativa. Su misi\u00f3n une la contemplaci\u00f3n y la acci\u00f3n (la oraci\u00f3n y el servicio). Esta uni\u00f3n se expresa de diversas maneras en las tres ramas de la Orden de los Carmelitas Descalzos. Mientras para las monjas Carmelitas Descalzas el apostolado es puramente contemplativo, los frailes Carmelitas Descalzos y los miembros del Carmelo Seglar (OCDS) participan del apostolado de la Iglesia en distintas formas. Un Carmelita es un hombre o mujer que reza y trabaja por la transformaci\u00f3n del mundo.<\/p>\n<p>Muchos hermanos y hermanas Carmelitas Descalzos est\u00e1n implicados activamente en el servicio al pueblo de Dios en las parroquias y en otras muchas instituciones de la Iglesia, lejanos de sus pa\u00edses de origen y a menudo en condiciones muy dif\u00edciles.<\/p>\n<p>El objetivo del Secretariado para la Cooperaci\u00f3n Misionera de la Orden es ayudarlos en su vida cotidiana y en sus proyectos socio-econ\u00f3micos espec\u00edficos, que buscan mejorar y consolidar las condiciones de vida de las personas a cuyo servicio est\u00e1n en sus respectivas misiones.<\/p>\n<p>Numerosas personas de buena voluntad nos han permitido asistir y sostener diversos proyectos en favor de personas menos afortunadas que nosotros desde el punto de vista material: en Europa del Este, en Asia, Am\u00e9rica Central y del Sur, en \u00c1frica. Valoramos much\u00edsimo vuestra ayuda y os decimos: \u201c\u00a1Gracias!\u201d. Os tenemos presentes en nuestras oraciones. Que la Virgen del Carmen os bendiga y os recompense por vuestra generosidad.<\/p>\n<h2><span style=\"color: #993366;\">HACER UNA DONACI\u00d3N<\/span><\/h2>\n<p>La generosidad de personas de buena voluntad como vosotros tiene un considerable impacto sobre la vida de millones de seres humanos. Nosotros creemos en la Providencia que act\u00faa a trav\u00e9s de vuestra generosidad. Vuestras contribuciones o donaciones pueden enviarse a la cuenta siguiente:<\/p>\n<table id=\"iban\" width=\"100%\">\n<tbody>\n<tr>\n<td id=\"iban_row_0col_0\" colspan=\"1\">IBAN<\/td>\n<td id=\"iban_row_0col_1\" colspan=\"1\"><strong>IT07P0569603237000009000X37<\/strong><\/td>\n<\/tr>\n<tr>\n<td id=\"iban_row_1col_0\" colspan=\"1\">BIC\/SWIFT CODE<\/td>\n<td id=\"iban_row_1col_1\" colspan=\"1\"><strong>POSOIT22XXX<\/strong><\/td>\n<\/tr>\n<tr>\n<td id=\"iban_row_2col_0\" colspan=\"1\">BANQUE<\/td>\n<td id=\"iban_row_2col_1\" colspan=\"1\"><strong>Banca Popolare di Sondrio<\/strong><\/td>\n<\/tr>\n<tr>\n<td id=\"iban_row_3col_0\" colspan=\"1\">BENEFICIAIRE<\/td>\n<td id=\"iban_row_3col_1\" colspan=\"1\"><strong>MISSIONI CASA GENERALIZIA PADRI CARMELITANI SCALZI<\/strong><\/td>\n<\/tr>\n<\/tbody>\n<\/table>\n<hr \/>\n<p style=\"text-align: center;\">O bien haced clic en el enlace situado abajo para contribuir.<\/p>\n<div style=\"text-align: center;\">\n<form action=\"https:\/\/www.paypal.com\/cgi-bin\/webscr\" method=\"post\" target=\"_top\"><input name=\"cmd\" type=\"hidden\" value=\"_s-xclick\" \/><br \/>\n<input name=\"hosted_button_id\" type=\"hidden\" value=\"Y6X29M9X99L84\" \/><br \/>\n<input title=\"PayPal - The safer, easier way to pay online!\" alt=\"Donate with PayPal button\" name=\"submit\" src=\"https:\/\/www.paypalobjects.com\/en_US\/IT\/i\/btn\/btn_donateCC_LG.gif\" type=\"image\" \/><br \/>\n<img loading=\"lazy\" decoding=\"async\" src=\"https:\/\/www.paypal.com\/en_IT\/i\/scr\/pixel.gif\" alt=\"\" width=\"1\" height=\"1\" border=\"0\" \/><\/form>\n<\/div>\n<hr \/>\n<p><a href=\"https:\/\/www.carmelitaniscalzi.com\/wp-content\/uploads\/2020\/09\/paypal_SP.png\"><img loading=\"lazy\" decoding=\"async\" class=\"alignnone size-full wp-image-42448\" src=\"https:\/\/www.carmelitaniscalzi.com\/wp-content\/uploads\/2020\/09\/paypal_SP.png\" alt=\"\" width=\"3776\" height=\"557\" srcset=\"https:\/\/www.carmelitaniscalzi.com\/wp-content\/uploads\/2020\/09\/paypal_SP.png 3776w, https:\/\/www.carmelitaniscalzi.com\/wp-content\/uploads\/2020\/09\/paypal_SP-300x44.png 300w, https:\/\/www.carmelitaniscalzi.com\/wp-content\/uploads\/2020\/09\/paypal_SP-1024x151.png 1024w, https:\/\/www.carmelitaniscalzi.com\/wp-content\/uploads\/2020\/09\/paypal_SP-768x113.png 768w, https:\/\/www.carmelitaniscalzi.com\/wp-content\/uploads\/2020\/09\/paypal_SP-1536x227.png 1536w, https:\/\/www.carmelitaniscalzi.com\/wp-content\/uploads\/2020\/09\/paypal_SP-2048x302.png 2048w, https:\/\/www.carmelitaniscalzi.com\/wp-content\/uploads\/2020\/09\/paypal_SP-373x55.png 373w, https:\/\/www.carmelitaniscalzi.com\/wp-content\/uploads\/2020\/09\/paypal_SP-1600x236.png 1600w, https:\/\/www.carmelitaniscalzi.com\/wp-content\/uploads\/2020\/09\/paypal_SP-800x118.png 800w, https:\/\/www.carmelitaniscalzi.com\/wp-content\/uploads\/2020\/09\/paypal_SP-580x86.png 580w\" sizes=\"auto, (max-width: 3776px) 100vw, 3776px\" \/><\/a><\/p>\n<p>Si ten\u00e9is preguntas o dese\u00e1is m\u00e1s informaci\u00f3n, no dud\u00e9is en contactar al Secretario para la Cooperaci\u00f3n Misionera de la Orden en la siguiente direcci\u00f3n:<\/p>\n<p><strong>CASA GENERALIZIA CARMELITANI SCALZI<\/strong><\/p>\n<p><strong>Segretariato per la Cooperazione Missionaria\u00a0\u00a0\u00a0\u00a0\u00a0\u00a0\u00a0\u00a0\u00a0\u00a0\u00a0\u00a0\u00a0 <\/strong><\/p>\n<p>Corso d\u2019Italia 38<\/p>\n<p>00198 Roma<\/p>\n<p><em>Tel.: + 39 06 85442313<\/em><\/p>\n<p>E-mail: <a href=\"mailto:ocdmis@gmail.com\">ocdmis@gmail.com<\/a><\/p>\n<hr \/>\n<h3><span style=\"color: #99ccff;\"><em><strong>1. Para los proyectos de desarrollo<\/strong><\/em><\/span><\/h3>\n<p>Con las misiones OCD, pod\u00e9is colaborar concretamente sosteniendo proyectos sociales. Hacer una donaci\u00f3n a favor de los proyectos de desarrollo social promovidos por los misioneros Carmelitas, significa contribuir a mejorar las condiciones de vida de las comunidades pobres y vulnerables. Los misioneros Carmelitas desarrollan estrategias y se implican en acciones dirigidas a la transformaci\u00f3n de las comunidades locales, llevando a cabo proyectos de desarrollo estructurados en forma colaborativa y realizados por las mismas comunidades. Las necesidades son enormes y ruegan vuestra ayuda.<\/p>\n<h3><span style=\"color: #99ccff;\"><strong><em>2. Para los Misioneros OCD<\/em><\/strong><\/span><\/h3>\n<p>La vida del misionero es extremadamente exigente, muy dif\u00edcil y llena de sacrificios. Los misioneros trabajan incansablemente, muchas veces no tienen un techo bajo el que refugiarse, ni medios de transporte o comida\u2026 Necesitan ayuda para poder vivir y cumplir su misi\u00f3n.<\/p>\n<h3><span style=\"color: #99ccff;\"><strong><em>3. Para las intenciones de misas<\/em><\/strong><\/span><\/h3>\n<p>Las intenciones de misas son un medio para estar en comuni\u00f3n y sostener a las comunidades de misioneros Carmelitas al servicio de innumerables cristianos en las misiones. De hecho son numerosos los misioneros Carmelitas en el mundo que celebran cada d\u00eda la Eucarist\u00eda en las situaciones m\u00e1s diversas. Necesitan vuestra ayuda.<\/p>\n<p>Sabemos bien que cada ayuda econ\u00f3mica es una ofrenda del coraz\u00f3n que da. Os agradecemos profundamente vuestras oraciones y vuestra ayuda y os tenemos presentes en nuestra oraci\u00f3n.<\/p>\n<p style=\"text-align: center;\">El Secretariado para la Cooperaci\u00f3n Misionera<\/p>\n","protected":false},"excerpt":{"rendered":"<p>La Orden de los Carmelitas Descalzos (OCD) es una familia religiosa contemplativa. Su misi\u00f3n une la contemplaci\u00f3n y la acci\u00f3n (la oraci\u00f3n y el servicio). Esta uni\u00f3n se expresa de diversas maneras en las tres ramas de la Orden de los Carmelitas Descalzos. Mientras para las monjas Carmelitas Descalzas el apostolado es puramente contemplativo, los [&hellip;]<\/p>\n","protected":false},"author":7,"featured_media":0,"parent":0,"menu_order":0,"comment_status":"closed","ping_status":"closed","template":"fullwidth.php","meta":{"_acf_changed":false,"_mc_calendar":[],"footnotes":""},"class_list":["post-25100","page","type-page","status-publish","hentry"],"acf":[],"yoast_head":"<!-- This site is optimized with the Yoast SEO plugin v26.3 - https:\/\/yoast.com\/wordpress\/plugins\/seo\/ -->\n<title>Donaciones - CARMELITAS DESCALZOS<\/title>\n<meta name=\"robots\" content=\"index, follow, max-snippet:-1, max-image-preview:large, max-video-preview:-1\" \/>\n<link rel=\"canonical\" href=\"https:\/\/www.carmelitaniscalzi.com\/es\/donaciones\/\" \/>\n<meta property=\"og:locale\" content=\"es_ES\" \/>\n<meta property=\"og:type\" content=\"article\" \/>\n<meta property=\"og:title\" content=\"Donaciones - CARMELITAS DESCALZOS\" \/>\n<meta property=\"og:description\" content=\"La Orden de los Carmelitas Descalzos (OCD) es una familia religiosa contemplativa. Su misi\u00f3n une la contemplaci\u00f3n y la acci\u00f3n (la oraci\u00f3n y el servicio). Esta uni\u00f3n se expresa de diversas maneras en las tres ramas de la Orden de los Carmelitas Descalzos. Mientras para las monjas Carmelitas Descalzas el apostolado es puramente contemplativo, los [&hellip;]\" \/>\n<meta property=\"og:url\" content=\"https:\/\/www.carmelitaniscalzi.com\/es\/donaciones\/\" \/>\n<meta property=\"og:site_name\" content=\"CARMELITAS DESCALZOS\" \/>\n<meta property=\"article:publisher\" content=\"https:\/\/www.facebook.com\/Curia-Generalizia-Carmelitani-Scalzi-658766940887784\/\" \/>\n<meta property=\"article:modified_time\" content=\"2020-09-13T22:13:47+00:00\" \/>\n<meta property=\"og:image\" content=\"https:\/\/www.carmelitaniscalzi.com\/wp-content\/uploads\/2019\/05\/Missione_ES.jpg\" \/>\n\t<meta property=\"og:image:width\" content=\"1903\" \/>\n\t<meta property=\"og:image:height\" content=\"550\" \/>\n\t<meta property=\"og:image:type\" content=\"image\/jpeg\" \/>\n<meta name=\"twitter:card\" content=\"summary_large_image\" \/>\n<meta name=\"twitter:site\" content=\"@ocdcuria\" \/>\n<meta name=\"twitter:label1\" content=\"Tiempo de lectura\" \/>\n\t<meta name=\"twitter:data1\" content=\"3 minutos\" \/>\n<script type=\"application\/ld+json\" class=\"yoast-schema-graph\">{\"@context\":\"https:\/\/schema.org\",\"@graph\":[{\"@type\":\"WebPage\",\"@id\":\"https:\/\/www.carmelitaniscalzi.com\/es\/donaciones\/\",\"url\":\"https:\/\/www.carmelitaniscalzi.com\/es\/donaciones\/\",\"name\":\"Donaciones - CARMELITAS DESCALZOS\",\"isPartOf\":{\"@id\":\"https:\/\/www.carmelitaniscalzi.com\/#website\"},\"primaryImageOfPage\":{\"@id\":\"https:\/\/www.carmelitaniscalzi.com\/es\/donaciones\/#primaryimage\"},\"image\":{\"@id\":\"https:\/\/www.carmelitaniscalzi.com\/es\/donaciones\/#primaryimage\"},\"thumbnailUrl\":\"https:\/\/www.carmelitaniscalzi.com\/wp-content\/uploads\/2019\/05\/Missione_ES.jpg\",\"datePublished\":\"2019-05-16T14:06:26+00:00\",\"dateModified\":\"2020-09-13T22:13:47+00:00\",\"breadcrumb\":{\"@id\":\"https:\/\/www.carmelitaniscalzi.com\/es\/donaciones\/#breadcrumb\"},\"inLanguage\":\"es\",\"potentialAction\":[{\"@type\":\"ReadAction\",\"target\":[\"https:\/\/www.carmelitaniscalzi.com\/es\/donaciones\/\"]}]},{\"@type\":\"ImageObject\",\"inLanguage\":\"es\",\"@id\":\"https:\/\/www.carmelitaniscalzi.com\/es\/donaciones\/#primaryimage\",\"url\":\"https:\/\/www.carmelitaniscalzi.com\/wp-content\/uploads\/2019\/05\/Missione_ES.jpg\",\"contentUrl\":\"https:\/\/www.carmelitaniscalzi.com\/wp-content\/uploads\/2019\/05\/Missione_ES.jpg\"},{\"@type\":\"BreadcrumbList\",\"@id\":\"https:\/\/www.carmelitaniscalzi.com\/es\/donaciones\/#breadcrumb\",\"itemListElement\":[{\"@type\":\"ListItem\",\"position\":1,\"name\":\"Home\",\"item\":\"https:\/\/www.carmelitaniscalzi.com\/es\/\"},{\"@type\":\"ListItem\",\"position\":2,\"name\":\"Donaciones\"}]},{\"@type\":\"WebSite\",\"@id\":\"https:\/\/www.carmelitaniscalzi.com\/#website\",\"url\":\"https:\/\/www.carmelitaniscalzi.com\/\",\"name\":\"CARMELITANI SCALZI - Curia Generale del Carmelo Teresiano\",\"description\":\"Curia General del Carmelo Teresiano\",\"publisher\":{\"@id\":\"https:\/\/www.carmelitaniscalzi.com\/#organization\"},\"alternateName\":\"CARMELITANI SCALZI\",\"potentialAction\":[{\"@type\":\"SearchAction\",\"target\":{\"@type\":\"EntryPoint\",\"urlTemplate\":\"https:\/\/www.carmelitaniscalzi.com\/?s={search_term_string}\"},\"query-input\":{\"@type\":\"PropertyValueSpecification\",\"valueRequired\":true,\"valueName\":\"search_term_string\"}}],\"inLanguage\":\"es\"},{\"@type\":\"Organization\",\"@id\":\"https:\/\/www.carmelitaniscalzi.com\/#organization\",\"name\":\"CARMELITANI SCALZI - Curia Generale del Carmelo Teresiano\",\"url\":\"https:\/\/www.carmelitaniscalzi.com\/\",\"logo\":{\"@type\":\"ImageObject\",\"inLanguage\":\"es\",\"@id\":\"https:\/\/www.carmelitaniscalzi.com\/#\/schema\/logo\/image\/\",\"url\":\"https:\/\/www.carmelitaniscalzi.com\/wp-content\/uploads\/2025\/11\/login-logo.png\",\"contentUrl\":\"https:\/\/www.carmelitaniscalzi.com\/wp-content\/uploads\/2025\/11\/login-logo.png\",\"width\":256,\"height\":256,\"caption\":\"CARMELITANI SCALZI - Curia Generale del Carmelo Teresiano\"},\"image\":{\"@id\":\"https:\/\/www.carmelitaniscalzi.com\/#\/schema\/logo\/image\/\"},\"sameAs\":[\"https:\/\/www.facebook.com\/Curia-Generalizia-Carmelitani-Scalzi-658766940887784\/\",\"https:\/\/x.com\/ocdcuria\",\"https:\/\/www.youtube.com\/channel\/UC2J5ZL0ycOY0qBSTCLX_NGQ\/videos\",\"https:\/\/www.instagram.com\/ocdinform\/\"]}]}<\/script>\n<!-- \/ Yoast SEO plugin. -->","yoast_head_json":{"title":"Donaciones - CARMELITAS DESCALZOS","robots":{"index":"index","follow":"follow","max-snippet":"max-snippet:-1","max-image-preview":"max-image-preview:large","max-video-preview":"max-video-preview:-1"},"canonical":"https:\/\/www.carmelitaniscalzi.com\/es\/donaciones\/","og_locale":"es_ES","og_type":"article","og_title":"Donaciones - CARMELITAS DESCALZOS","og_description":"La Orden de los Carmelitas Descalzos (OCD) es una familia religiosa contemplativa. Su misi\u00f3n une la contemplaci\u00f3n y la acci\u00f3n (la oraci\u00f3n y el servicio). Esta uni\u00f3n se expresa de diversas maneras en las tres ramas de la Orden de los Carmelitas Descalzos. Mientras para las monjas Carmelitas Descalzas el apostolado es puramente contemplativo, los [&hellip;]","og_url":"https:\/\/www.carmelitaniscalzi.com\/es\/donaciones\/","og_site_name":"CARMELITAS DESCALZOS","article_publisher":"https:\/\/www.facebook.com\/Curia-Generalizia-Carmelitani-Scalzi-658766940887784\/","article_modified_time":"2020-09-13T22:13:47+00:00","og_image":[{"width":1903,"height":550,"url":"https:\/\/www.carmelitaniscalzi.com\/wp-content\/uploads\/2019\/05\/Missione_ES.jpg","type":"image\/jpeg"}],"twitter_card":"summary_large_image","twitter_site":"@ocdcuria","twitter_misc":{"Tiempo de lectura":"3 minutos"},"schema":{"@context":"https:\/\/schema.org","@graph":[{"@type":"WebPage","@id":"https:\/\/www.carmelitaniscalzi.com\/es\/donaciones\/","url":"https:\/\/www.carmelitaniscalzi.com\/es\/donaciones\/","name":"Donaciones - CARMELITAS DESCALZOS","isPartOf":{"@id":"https:\/\/www.carmelitaniscalzi.com\/#website"},"primaryImageOfPage":{"@id":"https:\/\/www.carmelitaniscalzi.com\/es\/donaciones\/#primaryimage"},"image":{"@id":"https:\/\/www.carmelitaniscalzi.com\/es\/donaciones\/#primaryimage"},"thumbnailUrl":"https:\/\/www.carmelitaniscalzi.com\/wp-content\/uploads\/2019\/05\/Missione_ES.jpg","datePublished":"2019-05-16T14:06:26+00:00","dateModified":"2020-09-13T22:13:47+00:00","breadcrumb":{"@id":"https:\/\/www.carmelitaniscalzi.com\/es\/donaciones\/#breadcrumb"},"inLanguage":"es","potentialAction":[{"@type":"ReadAction","target":["https:\/\/www.carmelitaniscalzi.com\/es\/donaciones\/"]}]},{"@type":"ImageObject","inLanguage":"es","@id":"https:\/\/www.carmelitaniscalzi.com\/es\/donaciones\/#primaryimage","url":"https:\/\/www.carmelitaniscalzi.com\/wp-content\/uploads\/2019\/05\/Missione_ES.jpg","contentUrl":"https:\/\/www.carmelitaniscalzi.com\/wp-content\/uploads\/2019\/05\/Missione_ES.jpg"},{"@type":"BreadcrumbList","@id":"https:\/\/www.carmelitaniscalzi.com\/es\/donaciones\/#breadcrumb","itemListElement":[{"@type":"ListItem","position":1,"name":"Home","item":"https:\/\/www.carmelitaniscalzi.com\/es\/"},{"@type":"ListItem","position":2,"name":"Donaciones"}]},{"@type":"WebSite","@id":"https:\/\/www.carmelitaniscalzi.com\/#website","url":"https:\/\/www.carmelitaniscalzi.com\/","name":"CARMELITANI SCALZI - Curia Generale del Carmelo Teresiano","description":"Curia General del Carmelo Teresiano","publisher":{"@id":"https:\/\/www.carmelitaniscalzi.com\/#organization"},"alternateName":"CARMELITANI SCALZI","potentialAction":[{"@type":"SearchAction","target":{"@type":"EntryPoint","urlTemplate":"https:\/\/www.carmelitaniscalzi.com\/?s={search_term_string}"},"query-input":{"@type":"PropertyValueSpecification","valueRequired":true,"valueName":"search_term_string"}}],"inLanguage":"es"},{"@type":"Organization","@id":"https:\/\/www.carmelitaniscalzi.com\/#organization","name":"CARMELITANI SCALZI - Curia Generale del Carmelo Teresiano","url":"https:\/\/www.carmelitaniscalzi.com\/","logo":{"@type":"ImageObject","inLanguage":"es","@id":"https:\/\/www.carmelitaniscalzi.com\/#\/schema\/logo\/image\/","url":"https:\/\/www.carmelitaniscalzi.com\/wp-content\/uploads\/2025\/11\/login-logo.png","contentUrl":"https:\/\/www.carmelitaniscalzi.com\/wp-content\/uploads\/2025\/11\/login-logo.png","width":256,"height":256,"caption":"CARMELITANI SCALZI - Curia Generale del Carmelo Teresiano"},"image":{"@id":"https:\/\/www.carmelitaniscalzi.com\/#\/schema\/logo\/image\/"},"sameAs":["https:\/\/www.facebook.com\/Curia-Generalizia-Carmelitani-Scalzi-658766940887784\/","https:\/\/x.com\/ocdcuria","https:\/\/www.youtube.com\/channel\/UC2J5ZL0ycOY0qBSTCLX_NGQ\/videos","https:\/\/www.instagram.com\/ocdinform\/"]}]}},"_links":{"self":[{"href":"https:\/\/www.carmelitaniscalzi.com\/es\/wp-json\/wp\/v2\/pages\/25100","targetHints":{"allow":["GET"]}}],"collection":[{"href":"https:\/\/www.carmelitaniscalzi.com\/es\/wp-json\/wp\/v2\/pages"}],"about":[{"href":"https:\/\/www.carmelitaniscalzi.com\/es\/wp-json\/wp\/v2\/types\/page"}],"author":[{"embeddable":true,"href":"https:\/\/www.carmelitaniscalzi.com\/es\/wp-json\/wp\/v2\/users\/7"}],"replies":[{"embeddable":true,"href":"https:\/\/www.carmelitaniscalzi.com\/es\/wp-json\/wp\/v2\/comments?post=25100"}],"version-history":[{"count":0,"href":"https:\/\/www.carmelitaniscalzi.com\/es\/wp-json\/wp\/v2\/pages\/25100\/revisions"}],"wp:attachment":[{"href":"https:\/\/www.carmelitaniscalzi.com\/es\/wp-json\/wp\/v2\/media?parent=25100"}],"curies":[{"name":"wp","href":"https:\/\/api.w.org\/{rel}","templated":true}]}}