{"id":25095,"date":"2019-05-16T16:00:59","date_gmt":"2019-05-16T14:00:59","guid":{"rendered":"https:\/\/www.carmelitaniscalzi.com\/de\/?page_id=25095"},"modified":"2020-09-14T00:12:02","modified_gmt":"2020-09-13T22:12:02","slug":"spenden","status":"publish","type":"page","link":"https:\/\/www.carmelitaniscalzi.com\/de\/spenden\/","title":{"rendered":"Spenden"},"content":{"rendered":"<p><img loading=\"lazy\" decoding=\"async\" class=\"alignnone wp-image-25675 size-full\" src=\"https:\/\/www.carmelitaniscalzi.com\/wp-content\/uploads\/2019\/05\/Missione_DE.jpg\" width=\"1903\" height=\"550\" srcset=\"https:\/\/www.carmelitaniscalzi.com\/wp-content\/uploads\/2019\/05\/Missione_DE.jpg 1903w, https:\/\/www.carmelitaniscalzi.com\/wp-content\/uploads\/2019\/05\/Missione_DE-300x87.jpg 300w, https:\/\/www.carmelitaniscalzi.com\/wp-content\/uploads\/2019\/05\/Missione_DE-768x222.jpg 768w, https:\/\/www.carmelitaniscalzi.com\/wp-content\/uploads\/2019\/05\/Missione_DE-1024x296.jpg 1024w, https:\/\/www.carmelitaniscalzi.com\/wp-content\/uploads\/2019\/05\/Missione_DE-190x55.jpg 190w, https:\/\/www.carmelitaniscalzi.com\/wp-content\/uploads\/2019\/05\/Missione_DE-1600x462.jpg 1600w, https:\/\/www.carmelitaniscalzi.com\/wp-content\/uploads\/2019\/05\/Missione_DE-800x231.jpg 800w, https:\/\/www.carmelitaniscalzi.com\/wp-content\/uploads\/2019\/05\/Missione_DE-580x168.jpg 580w\" sizes=\"auto, (max-width: 1903px) 100vw, 1903px\" \/><\/p>\n<p>Der Orden des Unbeschuhten oder Teresianischen Karmel (OCD) ist eine kontemplative Ordensfamilie. Seine Sendung besteht in einer Synthese aus Kontemplation und Aktion (Gebet und Dienst). Diese Verbindung wird von den drei Zweigen des Ordens auf je verschiedene Weise gelebt. W\u00e4hrend das Apostolat der Schwestern, der Unbeschuhten Karmelitinnen, ein rein kontemplatives ist, nehmen die Br\u00fcder, d. h. die Unbeschuhten Karmeliten, \u00a0sowie die Mitglieder des Dritten Ordens, der in Deutschland heute Teresianische Karmel-Gemeinschaft oder kurz TKG, in \u00d6sterreich S\u00e4kularorden des Teresianischen Karmel oder OCDS genannt wird, auf unterschiedliche Art und Weise am aktiven Apostolat der Kirche teil. Ein Karmelit\/eine Karmelitin ist ein Mann\/eine Frau, der\/die betet und sich einsetzt f\u00fcr die positive Umgestaltung der Welt.<\/p>\n<p>Einige Br\u00fcder und Schwestern des Teresianischen Karmel sind ein aktives Engagement eingegangen, um dem Volk Gottes in Pfarreien und zahlreichen anderen Institutionen der Kirche zu dienen. Sie tun dies weit entfernt von ihren Herkunftsl\u00e4ndern und manchmal unter sehr schwierigen Bedingungen.<\/p>\n<p>Das Sekretariat f\u00fcr die Missionen des Ordens hat zum Ziel, ihnen zu helfen in den Dingen des t\u00e4glichen Lebens und bei ihren konkreten sozio\u00f6konomischen Projekten, die darauf abzielen, die Lebensbedingungen der Menschen, denen sie in ihren Missionsgebieten dienen, zu verbessern und zu stabilisieren.<\/p>\n<p>Zahlreiche Menschen guten Willens haben es uns erm\u00f6glicht, verschiedene solcher Projekte zu f\u00f6rdern und zu unterst\u00fctzen, die Menschen zugutekommen, die \u00e4rmer sind als wir: in Osteuropa, in Asien, in Zentral- und S\u00fcdamerika und in Afrika. F\u00fcr Ihre Unterst\u00fctzung m\u00f6chten wir Ihnen unsere Wertsch\u00e4tzung ausdr\u00fccken und sagen Ihnen unsern aufrichtigen Dank. Wir sind Ihnen auch stets im Gebet verbunden. Unsere Liebe Frau vom Berge Karmel m\u00f6ge Sie segnen und Ihnen Ihre Gro\u00dfz\u00fcgigkeit vergelten!<\/p>\n<h2><strong>Wenn Sie uns eine Spende zukommen lassen wollen<\/strong><\/h2>\n<p>Die Gro\u00dfherzigkeit von Menschen guten Willens wie Sie hat beachtliche Auswirkungen auf das Leben von Millionen von Menschen. Wir glauben an die Vorsehung vermittels Ihrer Gebefreudigkeit. Eine Zuwendung oder Spende k\u00f6nnen Sie auf folgendes Konto \u00fcberweisen:<\/p>\n<table id=\"iban\" width=\"100%\">\n<tbody>\n<tr>\n<td id=\"iban_row_0col_0\" colspan=\"1\">IBAN<\/td>\n<td id=\"iban_row_0col_1\" colspan=\"1\"><strong>IT07P0569603237000009000X37<\/strong><\/td>\n<\/tr>\n<tr>\n<td id=\"iban_row_1col_0\" colspan=\"1\">BIC\/SWIFT CODE<\/td>\n<td id=\"iban_row_1col_1\" colspan=\"1\"><strong>POSOIT22XXX<\/strong><\/td>\n<\/tr>\n<tr>\n<td id=\"iban_row_2col_0\" colspan=\"1\"><span lang=\"DE\">BANQUE<\/span><\/td>\n<td id=\"iban_row_2col_1\" colspan=\"1\"><strong>Banca Popolare di Sondrio<\/strong><\/td>\n<\/tr>\n<tr>\n<td id=\"iban_row_3col_0\" colspan=\"1\"><span lang=\"DE\">BENEFICIAIRE<\/span><\/td>\n<td id=\"iban_row_3col_1\" colspan=\"1\"><strong>MISSIONI CASA GENERALIZIA PADRI CARMELITANI SCALZI<\/strong><\/td>\n<\/tr>\n<\/tbody>\n<\/table>\n<hr \/>\n<p style=\"margin: 0cm 0cm 0.0001pt; background: white; text-align: center;\">Oder Sie <span style=\"color: #ff0000;\">klicken auf den unten stehenden Link, um Ihren Beitrag zu leisten.<\/span><\/p>\n<div style=\"text-align: center;\">\n<form action=\"https:\/\/www.paypal.com\/cgi-bin\/webscr\" method=\"post\" target=\"_top\"><input name=\"cmd\" type=\"hidden\" value=\"_s-xclick\" \/><br \/>\n<input name=\"hosted_button_id\" type=\"hidden\" value=\"Y6X29M9X99L84\" \/><br \/>\n<input title=\"PayPal - The safer, easier way to pay online!\" alt=\"Donate with PayPal button\" name=\"submit\" src=\"https:\/\/www.paypalobjects.com\/en_US\/IT\/i\/btn\/btn_donateCC_LG.gif\" type=\"image\" \/><br \/>\n<img loading=\"lazy\" decoding=\"async\" src=\"https:\/\/www.paypal.com\/en_IT\/i\/scr\/pixel.gif\" alt=\"\" width=\"1\" height=\"1\" border=\"0\" \/><\/form>\n<\/div>\n<hr \/>\n<p><a href=\"https:\/\/www.carmelitaniscalzi.com\/wp-content\/uploads\/2020\/09\/paypal_TE.png\"><img loading=\"lazy\" decoding=\"async\" class=\"alignnone size-full wp-image-42434\" src=\"https:\/\/www.carmelitaniscalzi.com\/wp-content\/uploads\/2020\/09\/paypal_TE.png\" alt=\"\" width=\"3776\" height=\"557\" srcset=\"https:\/\/www.carmelitaniscalzi.com\/wp-content\/uploads\/2020\/09\/paypal_TE.png 3776w, https:\/\/www.carmelitaniscalzi.com\/wp-content\/uploads\/2020\/09\/paypal_TE-300x44.png 300w, https:\/\/www.carmelitaniscalzi.com\/wp-content\/uploads\/2020\/09\/paypal_TE-1024x151.png 1024w, https:\/\/www.carmelitaniscalzi.com\/wp-content\/uploads\/2020\/09\/paypal_TE-768x113.png 768w, https:\/\/www.carmelitaniscalzi.com\/wp-content\/uploads\/2020\/09\/paypal_TE-1536x227.png 1536w, https:\/\/www.carmelitaniscalzi.com\/wp-content\/uploads\/2020\/09\/paypal_TE-2048x302.png 2048w, https:\/\/www.carmelitaniscalzi.com\/wp-content\/uploads\/2020\/09\/paypal_TE-373x55.png 373w, https:\/\/www.carmelitaniscalzi.com\/wp-content\/uploads\/2020\/09\/paypal_TE-1600x236.png 1600w, https:\/\/www.carmelitaniscalzi.com\/wp-content\/uploads\/2020\/09\/paypal_TE-800x118.png 800w, https:\/\/www.carmelitaniscalzi.com\/wp-content\/uploads\/2020\/09\/paypal_TE-580x86.png 580w\" sizes=\"auto, (max-width: 3776px) 100vw, 3776px\" \/><\/a>Sollten Sie Fragen haben oder mehr Informationen w\u00fcnschen, so z\u00f6gern Sie nicht, sich unter der folgenden Adresse an unser Sekretariat f\u00fcr die Missionen zu wenden:<\/p>\n<p><strong>CASA GENERALIZIA CARMELITANI SCALZI<\/strong><\/p>\n<p><strong>Segretariato per la Cooperazione Missionaria\u00a0\u00a0\u00a0\u00a0\u00a0\u00a0\u00a0\u00a0\u00a0\u00a0\u00a0\u00a0\u00a0 <\/strong><\/p>\n<p>Corso d\u2019Italia 38<\/p>\n<p>00198 Roma<\/p>\n<p><em>Tel.: + 39 06 85442313<\/em><\/p>\n<p>E-mail: <a href=\"mailto:ocdmis@gmail.com\">ocdmis@gmail.com<\/a><\/p>\n<hr \/>\n<p><em>Ihre Zuwendung leiten wir weiter:<\/em><\/p>\n<h3><span style=\"color: #99ccff;\"><em><strong>1. F\u00fcr Entwicklungsprojekte <\/strong><\/em><\/span><\/h3>\n<p>Im Rahmen der Karmelmissionen k\u00f6nnen Sie konkret handeln, indem Sie die sozialen Projekte unserer Missionare unterst\u00fctzen. Mit einer Spende zugunsten dieser sozialen Entwicklungsprojekte tragen Sie dazu bei, die Lebensbedingungen der armen und schutzbed\u00fcrftigen Gemeinden vor Ort zu verbessern. Die Karmelitenmissionare entwickeln Strategien und setzen sie durch konkretes Handeln um. Dies f\u00fchrt unter den \u00f6rtlichen Gemeinden zu positiven Ver\u00e4nderungsprozessen, weil die Entwicklungsprojekte in Zusammenarbeit mit ihnen strukturiert und von ihnen selbst ausgef\u00fchrt werden. Angesichts des enormen Bedarfs an solchen Projekten erbitten wir Ihre Unterst\u00fctzung.<\/p>\n<h3><span style=\"color: #99ccff;\"><strong><em>2. F\u00fcr die Karmelitenmissionare <\/em><\/strong><\/span><\/h3>\n<p>Das Leben der Missionare ist \u00e4u\u00dferst fordernd, oft sehr schwierig und verlangt Opfer. In rastlosem Einsatz arbeiten die Missionare manchmal, ohne ein Dach \u00fcber dem Kopf zu haben, ohne ad\u00e4quate Transportmittel oder ohne die n\u00f6tige Versorgung mit Nahrungsmitteln. Um vor Ort \u00fcberleben und ihre Sendung erf\u00fcllen zu k\u00f6nnen, brauchen sie unsere Unterst\u00fctzung.<\/p>\n<h3><span style=\"color: #99ccff;\"><strong><em>3. F\u00fcr Messstipendien <\/em><\/strong><\/span><\/h3>\n<p>Messstipendien sind ein Mittel, um mit den Kommunit\u00e4ten der Karmelitenmissionare in Verbindung zu sein und sie, die im Dienst unz\u00e4hliger Christen in den Missionsgebieten stehen, zu unterst\u00fctzen. In der Tat feiert eine gro\u00dfe Zahl von Karmelitenmissionaren auf der ganzen Welt Tag f\u00fcr Tag die heilige Messe unter sehr verschiedenen Umst\u00e4nden. Sie brauchen Ihre Unterst\u00fctzung.<\/p>\n<p style=\"text-align: center;\">Wir wissen sehr wohl, dass jede finanzielle Unterst\u00fctzung eine Gabe des Herzens ist, von dem sie kommt. So danken wir Ihnen von Herzen f\u00fcr Ihr Gebet und Ihre Unterst\u00fctzung und versichern Sie auch unsererseits unseres Gebets.<\/p>\n<p style=\"text-align: center;\">Das Sekretariat f\u00fcr die Missionen OCD<\/p>\n","protected":false},"excerpt":{"rendered":"<p>Der Orden des Unbeschuhten oder Teresianischen Karmel (OCD) ist eine kontemplative Ordensfamilie. Seine Sendung besteht in einer Synthese aus Kontemplation und Aktion (Gebet und Dienst). Diese Verbindung wird von den drei Zweigen des Ordens auf je verschiedene Weise gelebt. W\u00e4hrend das Apostolat der Schwestern, der Unbeschuhten Karmelitinnen, ein rein kontemplatives ist, nehmen die Br\u00fcder, d. [&hellip;]<\/p>\n","protected":false},"author":7,"featured_media":0,"parent":0,"menu_order":0,"comment_status":"closed","ping_status":"closed","template":"fullwidth.php","meta":{"_acf_changed":false,"_mc_calendar":[],"footnotes":""},"class_list":["post-25095","page","type-page","status-publish","hentry"],"acf":[],"yoast_head":"<!-- This site is optimized with the Yoast SEO plugin v26.3 - https:\/\/yoast.com\/wordpress\/plugins\/seo\/ -->\n<title>Spenden - UNBESCHUHTE KARMELITEN<\/title>\n<meta name=\"robots\" content=\"index, follow, max-snippet:-1, max-image-preview:large, max-video-preview:-1\" \/>\n<link rel=\"canonical\" href=\"https:\/\/www.carmelitaniscalzi.com\/de\/spenden\/\" \/>\n<meta property=\"og:locale\" content=\"de_DE\" \/>\n<meta property=\"og:type\" content=\"article\" \/>\n<meta property=\"og:title\" content=\"Spenden - UNBESCHUHTE KARMELITEN\" \/>\n<meta property=\"og:description\" content=\"Der Orden des Unbeschuhten oder Teresianischen Karmel (OCD) ist eine kontemplative Ordensfamilie. Seine Sendung besteht in einer Synthese aus Kontemplation und Aktion (Gebet und Dienst). Diese Verbindung wird von den drei Zweigen des Ordens auf je verschiedene Weise gelebt. W\u00e4hrend das Apostolat der Schwestern, der Unbeschuhten Karmelitinnen, ein rein kontemplatives ist, nehmen die Br\u00fcder, d. [&hellip;]\" \/>\n<meta property=\"og:url\" content=\"https:\/\/www.carmelitaniscalzi.com\/de\/spenden\/\" \/>\n<meta property=\"og:site_name\" content=\"UNBESCHUHTE KARMELITEN\" \/>\n<meta property=\"article:publisher\" content=\"https:\/\/www.facebook.com\/Curia-Generalizia-Carmelitani-Scalzi-658766940887784\/\" \/>\n<meta property=\"article:modified_time\" content=\"2020-09-13T22:12:02+00:00\" \/>\n<meta property=\"og:image\" content=\"https:\/\/www.carmelitaniscalzi.com\/wp-content\/uploads\/2019\/05\/Missione_DE.jpg\" \/>\n\t<meta property=\"og:image:width\" content=\"1903\" \/>\n\t<meta property=\"og:image:height\" content=\"550\" \/>\n\t<meta property=\"og:image:type\" content=\"image\/jpeg\" \/>\n<meta name=\"twitter:card\" content=\"summary_large_image\" \/>\n<meta name=\"twitter:site\" content=\"@ocdcuria\" \/>\n<meta name=\"twitter:label1\" content=\"Gesch\u00e4tzte Lesezeit\" \/>\n\t<meta name=\"twitter:data1\" content=\"3\u00a0Minuten\" \/>\n<script type=\"application\/ld+json\" class=\"yoast-schema-graph\">{\"@context\":\"https:\/\/schema.org\",\"@graph\":[{\"@type\":\"WebPage\",\"@id\":\"https:\/\/www.carmelitaniscalzi.com\/de\/spenden\/\",\"url\":\"https:\/\/www.carmelitaniscalzi.com\/de\/spenden\/\",\"name\":\"Spenden - UNBESCHUHTE KARMELITEN\",\"isPartOf\":{\"@id\":\"https:\/\/www.carmelitaniscalzi.com\/#website\"},\"primaryImageOfPage\":{\"@id\":\"https:\/\/www.carmelitaniscalzi.com\/de\/spenden\/#primaryimage\"},\"image\":{\"@id\":\"https:\/\/www.carmelitaniscalzi.com\/de\/spenden\/#primaryimage\"},\"thumbnailUrl\":\"https:\/\/www.carmelitaniscalzi.com\/wp-content\/uploads\/2019\/05\/Missione_DE.jpg\",\"datePublished\":\"2019-05-16T14:00:59+00:00\",\"dateModified\":\"2020-09-13T22:12:02+00:00\",\"breadcrumb\":{\"@id\":\"https:\/\/www.carmelitaniscalzi.com\/de\/spenden\/#breadcrumb\"},\"inLanguage\":\"de\",\"potentialAction\":[{\"@type\":\"ReadAction\",\"target\":[\"https:\/\/www.carmelitaniscalzi.com\/de\/spenden\/\"]}]},{\"@type\":\"ImageObject\",\"inLanguage\":\"de\",\"@id\":\"https:\/\/www.carmelitaniscalzi.com\/de\/spenden\/#primaryimage\",\"url\":\"https:\/\/www.carmelitaniscalzi.com\/wp-content\/uploads\/2019\/05\/Missione_DE.jpg\",\"contentUrl\":\"https:\/\/www.carmelitaniscalzi.com\/wp-content\/uploads\/2019\/05\/Missione_DE.jpg\"},{\"@type\":\"BreadcrumbList\",\"@id\":\"https:\/\/www.carmelitaniscalzi.com\/de\/spenden\/#breadcrumb\",\"itemListElement\":[{\"@type\":\"ListItem\",\"position\":1,\"name\":\"Home\",\"item\":\"https:\/\/www.carmelitaniscalzi.com\/de\/\"},{\"@type\":\"ListItem\",\"position\":2,\"name\":\"Spenden\"}]},{\"@type\":\"WebSite\",\"@id\":\"https:\/\/www.carmelitaniscalzi.com\/#website\",\"url\":\"https:\/\/www.carmelitaniscalzi.com\/\",\"name\":\"CARMELITANI SCALZI - Curia Generale del Carmelo Teresiano\",\"description\":\"Generalkurie des Teresianischen Karmel\",\"publisher\":{\"@id\":\"https:\/\/www.carmelitaniscalzi.com\/#organization\"},\"alternateName\":\"CARMELITANI SCALZI\",\"potentialAction\":[{\"@type\":\"SearchAction\",\"target\":{\"@type\":\"EntryPoint\",\"urlTemplate\":\"https:\/\/www.carmelitaniscalzi.com\/?s={search_term_string}\"},\"query-input\":{\"@type\":\"PropertyValueSpecification\",\"valueRequired\":true,\"valueName\":\"search_term_string\"}}],\"inLanguage\":\"de\"},{\"@type\":\"Organization\",\"@id\":\"https:\/\/www.carmelitaniscalzi.com\/#organization\",\"name\":\"CARMELITANI SCALZI - Curia Generale del Carmelo Teresiano\",\"url\":\"https:\/\/www.carmelitaniscalzi.com\/\",\"logo\":{\"@type\":\"ImageObject\",\"inLanguage\":\"de\",\"@id\":\"https:\/\/www.carmelitaniscalzi.com\/#\/schema\/logo\/image\/\",\"url\":\"https:\/\/www.carmelitaniscalzi.com\/wp-content\/uploads\/2025\/11\/login-logo.png\",\"contentUrl\":\"https:\/\/www.carmelitaniscalzi.com\/wp-content\/uploads\/2025\/11\/login-logo.png\",\"width\":256,\"height\":256,\"caption\":\"CARMELITANI SCALZI - Curia Generale del Carmelo Teresiano\"},\"image\":{\"@id\":\"https:\/\/www.carmelitaniscalzi.com\/#\/schema\/logo\/image\/\"},\"sameAs\":[\"https:\/\/www.facebook.com\/Curia-Generalizia-Carmelitani-Scalzi-658766940887784\/\",\"https:\/\/x.com\/ocdcuria\",\"https:\/\/www.youtube.com\/channel\/UC2J5ZL0ycOY0qBSTCLX_NGQ\/videos\",\"https:\/\/www.instagram.com\/ocdinform\/\"]}]}<\/script>\n<!-- \/ Yoast SEO plugin. -->","yoast_head_json":{"title":"Spenden - UNBESCHUHTE KARMELITEN","robots":{"index":"index","follow":"follow","max-snippet":"max-snippet:-1","max-image-preview":"max-image-preview:large","max-video-preview":"max-video-preview:-1"},"canonical":"https:\/\/www.carmelitaniscalzi.com\/de\/spenden\/","og_locale":"de_DE","og_type":"article","og_title":"Spenden - UNBESCHUHTE KARMELITEN","og_description":"Der Orden des Unbeschuhten oder Teresianischen Karmel (OCD) ist eine kontemplative Ordensfamilie. Seine Sendung besteht in einer Synthese aus Kontemplation und Aktion (Gebet und Dienst). Diese Verbindung wird von den drei Zweigen des Ordens auf je verschiedene Weise gelebt. W\u00e4hrend das Apostolat der Schwestern, der Unbeschuhten Karmelitinnen, ein rein kontemplatives ist, nehmen die Br\u00fcder, d. [&hellip;]","og_url":"https:\/\/www.carmelitaniscalzi.com\/de\/spenden\/","og_site_name":"UNBESCHUHTE KARMELITEN","article_publisher":"https:\/\/www.facebook.com\/Curia-Generalizia-Carmelitani-Scalzi-658766940887784\/","article_modified_time":"2020-09-13T22:12:02+00:00","og_image":[{"width":1903,"height":550,"url":"https:\/\/www.carmelitaniscalzi.com\/wp-content\/uploads\/2019\/05\/Missione_DE.jpg","type":"image\/jpeg"}],"twitter_card":"summary_large_image","twitter_site":"@ocdcuria","twitter_misc":{"Gesch\u00e4tzte Lesezeit":"3\u00a0Minuten"},"schema":{"@context":"https:\/\/schema.org","@graph":[{"@type":"WebPage","@id":"https:\/\/www.carmelitaniscalzi.com\/de\/spenden\/","url":"https:\/\/www.carmelitaniscalzi.com\/de\/spenden\/","name":"Spenden - UNBESCHUHTE KARMELITEN","isPartOf":{"@id":"https:\/\/www.carmelitaniscalzi.com\/#website"},"primaryImageOfPage":{"@id":"https:\/\/www.carmelitaniscalzi.com\/de\/spenden\/#primaryimage"},"image":{"@id":"https:\/\/www.carmelitaniscalzi.com\/de\/spenden\/#primaryimage"},"thumbnailUrl":"https:\/\/www.carmelitaniscalzi.com\/wp-content\/uploads\/2019\/05\/Missione_DE.jpg","datePublished":"2019-05-16T14:00:59+00:00","dateModified":"2020-09-13T22:12:02+00:00","breadcrumb":{"@id":"https:\/\/www.carmelitaniscalzi.com\/de\/spenden\/#breadcrumb"},"inLanguage":"de","potentialAction":[{"@type":"ReadAction","target":["https:\/\/www.carmelitaniscalzi.com\/de\/spenden\/"]}]},{"@type":"ImageObject","inLanguage":"de","@id":"https:\/\/www.carmelitaniscalzi.com\/de\/spenden\/#primaryimage","url":"https:\/\/www.carmelitaniscalzi.com\/wp-content\/uploads\/2019\/05\/Missione_DE.jpg","contentUrl":"https:\/\/www.carmelitaniscalzi.com\/wp-content\/uploads\/2019\/05\/Missione_DE.jpg"},{"@type":"BreadcrumbList","@id":"https:\/\/www.carmelitaniscalzi.com\/de\/spenden\/#breadcrumb","itemListElement":[{"@type":"ListItem","position":1,"name":"Home","item":"https:\/\/www.carmelitaniscalzi.com\/de\/"},{"@type":"ListItem","position":2,"name":"Spenden"}]},{"@type":"WebSite","@id":"https:\/\/www.carmelitaniscalzi.com\/#website","url":"https:\/\/www.carmelitaniscalzi.com\/","name":"CARMELITANI SCALZI - Curia Generale del Carmelo Teresiano","description":"Generalkurie des Teresianischen Karmel","publisher":{"@id":"https:\/\/www.carmelitaniscalzi.com\/#organization"},"alternateName":"CARMELITANI SCALZI","potentialAction":[{"@type":"SearchAction","target":{"@type":"EntryPoint","urlTemplate":"https:\/\/www.carmelitaniscalzi.com\/?s={search_term_string}"},"query-input":{"@type":"PropertyValueSpecification","valueRequired":true,"valueName":"search_term_string"}}],"inLanguage":"de"},{"@type":"Organization","@id":"https:\/\/www.carmelitaniscalzi.com\/#organization","name":"CARMELITANI SCALZI - Curia Generale del Carmelo Teresiano","url":"https:\/\/www.carmelitaniscalzi.com\/","logo":{"@type":"ImageObject","inLanguage":"de","@id":"https:\/\/www.carmelitaniscalzi.com\/#\/schema\/logo\/image\/","url":"https:\/\/www.carmelitaniscalzi.com\/wp-content\/uploads\/2025\/11\/login-logo.png","contentUrl":"https:\/\/www.carmelitaniscalzi.com\/wp-content\/uploads\/2025\/11\/login-logo.png","width":256,"height":256,"caption":"CARMELITANI SCALZI - Curia Generale del Carmelo Teresiano"},"image":{"@id":"https:\/\/www.carmelitaniscalzi.com\/#\/schema\/logo\/image\/"},"sameAs":["https:\/\/www.facebook.com\/Curia-Generalizia-Carmelitani-Scalzi-658766940887784\/","https:\/\/x.com\/ocdcuria","https:\/\/www.youtube.com\/channel\/UC2J5ZL0ycOY0qBSTCLX_NGQ\/videos","https:\/\/www.instagram.com\/ocdinform\/"]}]}},"_links":{"self":[{"href":"https:\/\/www.carmelitaniscalzi.com\/de\/wp-json\/wp\/v2\/pages\/25095","targetHints":{"allow":["GET"]}}],"collection":[{"href":"https:\/\/www.carmelitaniscalzi.com\/de\/wp-json\/wp\/v2\/pages"}],"about":[{"href":"https:\/\/www.carmelitaniscalzi.com\/de\/wp-json\/wp\/v2\/types\/page"}],"author":[{"embeddable":true,"href":"https:\/\/www.carmelitaniscalzi.com\/de\/wp-json\/wp\/v2\/users\/7"}],"replies":[{"embeddable":true,"href":"https:\/\/www.carmelitaniscalzi.com\/de\/wp-json\/wp\/v2\/comments?post=25095"}],"version-history":[{"count":0,"href":"https:\/\/www.carmelitaniscalzi.com\/de\/wp-json\/wp\/v2\/pages\/25095\/revisions"}],"wp:attachment":[{"href":"https:\/\/www.carmelitaniscalzi.com\/de\/wp-json\/wp\/v2\/media?parent=25095"}],"curies":[{"name":"wp","href":"https:\/\/api.w.org\/{rel}","templated":true}]}}